{"id":6586,"date":"2024-07-18T10:38:09","date_gmt":"2024-07-18T08:38:09","guid":{"rendered":"https:\/\/arwinger.de\/?post_type=product&#038;p=6586"},"modified":"2026-01-08T18:13:33","modified_gmt":"2026-01-08T17:13:33","slug":"wildbag-muellbeutel-25-l-rolle","status":"publish","type":"product","link":"https:\/\/arwinger.de\/en\/produkt\/wildbag-muellbeutel-25-l-rolle\/","title":{"rendered":"Wildbag M\u00fcllbeutel 25 l Rolle"},"content":{"rendered":"<p>Wildbags bestehen aus rei\u00dffestem Recyclingmaterial und werden zu 100 % aus \u201ewildem Plastik\u201c hergestellt. Der Begriff wildes Plastik beschreibt alles Plastik, das aktuell au\u00dferhalb des geschlossenen Recyclingkreislaufs existiert. Es findet sich vor allem auf Stra\u00dfen, illegalen und offenen M\u00fclldeponien oder in der Natur. Durch seine Nutzung wird die Verwendung von Neuplastik vermieden. Wildbags sind aus Folienplastik, das sich technisch sehr gut recyceln l\u00e4sst.<\/p>\n<p>Mit Wildbags wird wildes Plastik in den Recyclingkreislauf zur\u00fcckgef\u00fchrt, die Arbeitsbedingungen f\u00fcr M\u00fcllsammelnden verbessert und bis zu 60 % CO2 eingespart.<\/p>\n<p><strong>Technische Daten:<\/strong><\/p>\n<ul>\n<li>Material: Low Density Polyethylene<\/li>\n<li>Farbe: transparent wei\u00df, schwarz<\/li>\n<li>Inhalt: 15 Beutel gerollt<\/li>\n<li>Ma\u00dfe: (B x H) 500 x 550 mm<\/li>\n<li>Volumen: 25 l<\/li>\n<\/ul>\n<p><strong>Lieferumfang:<\/strong><\/p>\n<ul>\n<li>Rolle M\u00fcllbeutel, LDPE<\/li>\n<\/ul>\n","protected":false},"excerpt":{"rendered":"<p>Die M\u00fcllbeutel aus wildem Plastik von Wildbag sind perfekt f\u00fcr den Feststoffbeh\u00e4lter der Arwinger Kassettentrenntoilette und leisten einen gro\u00dfen Beitrag zur Nachhaltigkeit.<\/p>\n","protected":false},"featured_media":6929,"template":"","meta":[],"product_brand":[],"product_cat":[109],"product_tag":[],"class_list":{"0":"post-6586","1":"product","2":"type-product","3":"status-publish","4":"has-post-thumbnail","6":"product_cat-zubehoer","7":"product_shipping_class-paeckchen-bis-2-kg","9":"first","10":"instock","11":"taxable","12":"shipping-taxable","13":"purchasable","14":"product-type-simple"},"_links":{"self":[{"href":"https:\/\/arwinger.de\/en\/wp-json\/wp\/v2\/product\/6586","targetHints":{"allow":["GET"]}}],"collection":[{"href":"https:\/\/arwinger.de\/en\/wp-json\/wp\/v2\/product"}],"about":[{"href":"https:\/\/arwinger.de\/en\/wp-json\/wp\/v2\/types\/product"}],"wp:featuredmedia":[{"embeddable":true,"href":"https:\/\/arwinger.de\/en\/wp-json\/wp\/v2\/media\/6929"}],"wp:attachment":[{"href":"https:\/\/arwinger.de\/en\/wp-json\/wp\/v2\/media?parent=6586"}],"wp:term":[{"taxonomy":"product_brand","embeddable":true,"href":"https:\/\/arwinger.de\/en\/wp-json\/wp\/v2\/product_brand?post=6586"},{"taxonomy":"product_cat","embeddable":true,"href":"https:\/\/arwinger.de\/en\/wp-json\/wp\/v2\/product_cat?post=6586"},{"taxonomy":"product_tag","embeddable":true,"href":"https:\/\/arwinger.de\/en\/wp-json\/wp\/v2\/product_tag?post=6586"}],"curies":[{"name":"wp","href":"https:\/\/api.w.org\/{rel}","templated":true}]}}