{"id":6684,"date":"2024-09-12T08:34:37","date_gmt":"2024-09-12T06:34:37","guid":{"rendered":"https:\/\/arwinger.de\/?post_type=product&#038;p=6684"},"modified":"2026-04-27T11:48:52","modified_gmt":"2026-04-27T09:48:52","slug":"arwinger-kassettentrenntoilette-austauschmodell-fuer-thetford-c400-serie","status":"publish","type":"product","link":"https:\/\/arwinger.de\/en\/produkt\/arwinger-kassettentrenntoilette-austauschmodell-fuer-thetford-c400-serie\/","title":{"rendered":"Arwinger Kassettentrenntoilette \u2013 Austauschmodell f\u00fcr Thetford C400 Serie"},"content":{"rendered":"<p><strong>Bitte beachten Sie:<\/strong> F\u00fcr den Ausbau der Thetford-Banktoilette sowie den Einbau des Arwinger Bankmodells sind Fachkenntnisse erforderlich. Der Austausch sollte durch Arwinger oder einen Arwinger-Einbaupartner durchgef\u00fchrt werden. Eine \u00dcbersicht der Werkst\u00e4tten finden Sie auf: <a href=\"https:\/\/arwinger.de\/#einbaupartner\">https:\/\/arwinger.de\/#einbaupartner<\/a>. Die Kosten f\u00fcr den Austausch sind nicht im Preis des Produkts enthalten.<\/p>\n<p><strong>Technische Daten:<\/strong><\/p>\n<p>Korpus inkl. Sitzteil mit Trennfunktion<\/p>\n<ul>\n<li>Material: ABS\/PMMA Kunststoff<\/li>\n<li>Farbe: wei\u00df<\/li>\n<li>Ma\u00dfe: (B x T x H) 670 x 400 x 510 mm<\/li>\n<li>Gewicht: 9.500 g<\/li>\n<li>Traglast: 300 kg<\/li>\n<\/ul>\n<p>Kassette<\/p>\n<ul>\n<li>Material: Polyethylen<\/li>\n<li>Farbe: schwarz<\/li>\n<li>Ma\u00dfe: (B x T x H) 250 x 500 x 250 mm<\/li>\n<li>Gewicht: 1.985 g<\/li>\n<\/ul>\n<p><strong>Lieferumfang:<\/strong><\/p>\n<p>Korpus inkl. Sitzteil mit Trennfunktion<\/p>\n<ul>\n<li>Korpus, ABS\/PMMA<\/li>\n<li>Sitzteil, ABS\/PMMA, PVC<\/li>\n<li>Manschette, Silikon<\/li>\n<li>Manschettenbefestigung, PETG, Polyamid<\/li>\n<li>Schlauchanschluss, Messing<\/li>\n<li>Urinschlauch, PVC<\/li>\n<li>Kugelh\u00e4hne, PP<\/li>\n<li>Anschl\u00e4ge und Anschlagsstifte, PETG<\/li>\n<li>Schrauben, Edelstahl<\/li>\n<li>Arretierungskeile, PETG<\/li>\n<li>Befestigungsstifte, PETG<\/li>\n<li>Deckel und Brille, Kunststoff<\/li>\n<li>Einbauanleitung<\/li>\n<\/ul>\n<p>Kassette<\/p>\n<ul>\n<li>Kassette, PE, PA6, PVC, POM, Messing; inkl. Schlauchanschlussstecker, POM; inkl. Spanngurt, Polyester<\/li>\n<li>Verschlusskappe, PVC, PETG<\/li>\n<li>Stopfen, PETG; Stopfenhalterung, EPDM<\/li>\n<li>Bedienungsanleitung<\/li>\n<\/ul>\n","protected":false},"excerpt":{"rendered":"<p>Kein Wasser, keine Chemie, aber 100 % Komfort: Arwinger Kassettentrenntoilette<\/p>\n<p>Mit dem neuen Bankmodell der Arwinger Kassettentrenntoilette tauschen Sie Ihre Thetford-Banktoilette der C400 Serie eins zu eins aus. Profitieren Sie von allen Vorteilen der Trenntoilette, ohne Beeintr\u00e4chtigung des Baddesigns und ohne auf die bequeme und praktische Entnahme \u00fcber die Serviceklappe verzichten zu m\u00fcssen.<\/p>\n","protected":false},"featured_media":8373,"template":"","meta":[],"product_brand":[],"product_cat":[117],"product_tag":[],"class_list":{"0":"post-6684","1":"product","2":"type-product","3":"status-publish","4":"has-post-thumbnail","6":"product_cat-kassettentrenntoiletten","8":"first","9":"instock","10":"taxable","11":"shipping-taxable","12":"purchasable","13":"product-type-simple"},"_links":{"self":[{"href":"https:\/\/arwinger.de\/en\/wp-json\/wp\/v2\/product\/6684","targetHints":{"allow":["GET"]}}],"collection":[{"href":"https:\/\/arwinger.de\/en\/wp-json\/wp\/v2\/product"}],"about":[{"href":"https:\/\/arwinger.de\/en\/wp-json\/wp\/v2\/types\/product"}],"wp:featuredmedia":[{"embeddable":true,"href":"https:\/\/arwinger.de\/en\/wp-json\/wp\/v2\/media\/8373"}],"wp:attachment":[{"href":"https:\/\/arwinger.de\/en\/wp-json\/wp\/v2\/media?parent=6684"}],"wp:term":[{"taxonomy":"product_brand","embeddable":true,"href":"https:\/\/arwinger.de\/en\/wp-json\/wp\/v2\/product_brand?post=6684"},{"taxonomy":"product_cat","embeddable":true,"href":"https:\/\/arwinger.de\/en\/wp-json\/wp\/v2\/product_cat?post=6684"},{"taxonomy":"product_tag","embeddable":true,"href":"https:\/\/arwinger.de\/en\/wp-json\/wp\/v2\/product_tag?post=6684"}],"curies":[{"name":"wp","href":"https:\/\/api.w.org\/{rel}","templated":true}]}}