{"id":6755,"date":"2024-09-20T18:23:16","date_gmt":"2024-09-20T16:23:16","guid":{"rendered":"https:\/\/arwinger.de\/?post_type=product&#038;p=6755"},"modified":"2026-04-27T17:46:38","modified_gmt":"2026-04-27T15:46:38","slug":"arwinger-kassettentrenntoilettenkit-buyback-kassette-generation-3","status":"publish","type":"product","link":"https:\/\/arwinger.de\/en\/produkt\/arwinger-kassettentrenntoilettenkit-buyback-kassette-generation-3\/","title":{"rendered":"Arwinger KassettentrenntoilettenKit \u2013 Buyback Fl\u00fcssigkeitstank Generation 3"},"content":{"rendered":"<p>Unseren Kundinnen und Kunden mit der Arwinger Kassette der Generation 2 bieten wir im Rahmen einer Buyback-Aktion einen kosteng\u00fcnstigen Austausch ihres Fl\u00fcssigkeitstanks an. Sie kaufen den neuen Tank f\u00fcr 250,00 \u20ac, senden uns den alten Tank zur\u00fcck und erhalten 100,00 \u20ac erstattet. Die Versandkosten f\u00fcr die R\u00fccksendung sowie die fachgerechte Entsorgung Ihres Tanks \u00fcbernehmen wir.<\/p>\n<p><strong>Technische Daten:<\/strong><\/p>\n<ul>\n<li>Material: Polyethylen<\/li>\n<li>Farbe: schwarz<\/li>\n<li>Ma\u00dfe: (B x T x H) 250 x 250 x 250 mm<\/li>\n<li>Gewicht: 1.200 g<\/li>\n<\/ul>\n<p><strong>Lieferumfang:<\/strong><\/p>\n<ul>\n<li>Fl\u00fcssigkeitstank, PE, PA6, PVC, POM, Messing; inkl. Schlauchanschlussstecker, POM<\/li>\n<li>Verschlusskappe, PVC, PETG<\/li>\n<li>Raste, PETG<\/li>\n<li>Stopfen, PETG; Stopfenhalterung, EPDM<\/li>\n<li>Urinschlauch, PVC<\/li>\n<li>Bedienungsanleitung<\/li>\n<\/ul>\n","protected":false},"excerpt":{"rendered":"<p>Auf dem Caravan Salon 2024 haben wir die neue Generation der Arwinger Trennkassette vorgestellt. Der Fl\u00fcssigkeitstank der Kassette wurde in einigen Punkten optimiert: Der neue Schnellverschluss erm\u00f6glicht eine wesentlich bequemere Verbindung und Trennung des Urinschlauchs. Die ver\u00e4nderte Position des Anschlusses erleichtert die Handhabung des Schlauchs zus\u00e4tzlich. Der \u00fcberarbeitete Griff macht den Transport sowie die Entleerung der Kassette noch komfortabler.<\/p>\n","protected":false},"featured_media":6880,"template":"","meta":[],"product_brand":[],"product_cat":[117,46],"product_tag":[],"class_list":{"0":"post-6755","1":"product","2":"type-product","3":"status-publish","4":"has-post-thumbnail","6":"product_cat-kassettentrenntoiletten","7":"product_cat-kassettentrenntoilettenkits","9":"first","10":"instock","11":"taxable","12":"shipping-taxable","13":"purchasable","14":"product-type-simple"},"_links":{"self":[{"href":"https:\/\/arwinger.de\/en\/wp-json\/wp\/v2\/product\/6755","targetHints":{"allow":["GET"]}}],"collection":[{"href":"https:\/\/arwinger.de\/en\/wp-json\/wp\/v2\/product"}],"about":[{"href":"https:\/\/arwinger.de\/en\/wp-json\/wp\/v2\/types\/product"}],"wp:featuredmedia":[{"embeddable":true,"href":"https:\/\/arwinger.de\/en\/wp-json\/wp\/v2\/media\/6880"}],"wp:attachment":[{"href":"https:\/\/arwinger.de\/en\/wp-json\/wp\/v2\/media?parent=6755"}],"wp:term":[{"taxonomy":"product_brand","embeddable":true,"href":"https:\/\/arwinger.de\/en\/wp-json\/wp\/v2\/product_brand?post=6755"},{"taxonomy":"product_cat","embeddable":true,"href":"https:\/\/arwinger.de\/en\/wp-json\/wp\/v2\/product_cat?post=6755"},{"taxonomy":"product_tag","embeddable":true,"href":"https:\/\/arwinger.de\/en\/wp-json\/wp\/v2\/product_tag?post=6755"}],"curies":[{"name":"wp","href":"https:\/\/api.w.org\/{rel}","templated":true}]}}