{"id":6935,"date":"2024-10-16T08:03:10","date_gmt":"2024-10-16T06:03:10","guid":{"rendered":"https:\/\/arwinger.de\/?post_type=product&#038;p=6935"},"modified":"2026-01-08T18:10:14","modified_gmt":"2026-01-08T17:10:14","slug":"loovolution-trenntoiletteneinstreu-3-kg","status":"publish","type":"product","link":"https:\/\/arwinger.de\/en\/produkt\/loovolution-trenntoiletteneinstreu-3-kg\/","title":{"rendered":"Loovolution Trenntoiletteneinstreu 3 kg"},"content":{"rendered":"<p>Die Einstreu aus geh\u00e4ckseltem Hanf ist extrem saugf\u00e4hig. Sie nimmt Feuchtigkeit schnell und zuverl\u00e4ssig auf und bindet Ger\u00fcche effektiv, auch bei hohen Temperaturen. Hanf ist von Natur aus antibakteriell.<\/p>\n<p>Die Loovolution Hanfeinstreu ist staubfrei, 100 % nat\u00fcrlich und frei von Chemie. Sie ist einfach zu dosieren und sparsam im Verbrauch. Pro Toilettengang werden ca. 25 g ben\u00f6tigt.<\/p>\n<p>Loovolution Hanfeinstreu ist sowohl im 400-g-Beutel als auch im handlichen 3-kg-Pack erh\u00e4ltlich.<\/p>\n<p><strong>Technische Daten:<\/strong><\/p>\n<ul>\n<li>Material: Hanfh\u00e4cksel aus landwirtschaftlichem Nutzhanf<\/li>\n<li>Farbe: braun<\/li>\n<li>Inhalt: 3 Kg<\/li>\n<li>Ma\u00dfe Packung: (B x T x H) 400 x 100 x 300 mm<\/li>\n<\/ul>\n<p><strong>Lieferumfang:<\/strong><\/p>\n<ul>\n<li>Hanfh\u00e4cksel<\/li>\n<\/ul>\n","protected":false},"excerpt":{"rendered":"<p>Die Hanfeinstreu von Loovolution ist die ideale L\u00f6sung f\u00fcr die Arwinger Kassettentrenntoilette.<\/p>\n","protected":false},"featured_media":6936,"template":"","meta":[],"product_brand":[],"product_cat":[109],"product_tag":[],"class_list":{"0":"post-6935","1":"product","2":"type-product","3":"status-publish","4":"has-post-thumbnail","6":"product_cat-zubehoer","7":"product_shipping_class-paeckchen-bis-2-kg","9":"first","10":"instock","11":"taxable","12":"shipping-taxable","13":"purchasable","14":"product-type-simple"},"_links":{"self":[{"href":"https:\/\/arwinger.de\/en\/wp-json\/wp\/v2\/product\/6935","targetHints":{"allow":["GET"]}}],"collection":[{"href":"https:\/\/arwinger.de\/en\/wp-json\/wp\/v2\/product"}],"about":[{"href":"https:\/\/arwinger.de\/en\/wp-json\/wp\/v2\/types\/product"}],"wp:featuredmedia":[{"embeddable":true,"href":"https:\/\/arwinger.de\/en\/wp-json\/wp\/v2\/media\/6936"}],"wp:attachment":[{"href":"https:\/\/arwinger.de\/en\/wp-json\/wp\/v2\/media?parent=6935"}],"wp:term":[{"taxonomy":"product_brand","embeddable":true,"href":"https:\/\/arwinger.de\/en\/wp-json\/wp\/v2\/product_brand?post=6935"},{"taxonomy":"product_cat","embeddable":true,"href":"https:\/\/arwinger.de\/en\/wp-json\/wp\/v2\/product_cat?post=6935"},{"taxonomy":"product_tag","embeddable":true,"href":"https:\/\/arwinger.de\/en\/wp-json\/wp\/v2\/product_tag?post=6935"}],"curies":[{"name":"wp","href":"https:\/\/api.w.org\/{rel}","templated":true}]}}